{"id":973,"date":"2019-11-19T11:20:29","date_gmt":"2019-11-19T04:20:29","guid":{"rendered":"http:\/\/bonbexangdaumienbac.com\/?post_type=product&#038;p=973"},"modified":"2025-04-15T09:17:03","modified_gmt":"2025-04-15T02:17:03","slug":"he-thong-xu-ly-nuoc-sach","status":"publish","type":"product","link":"https:\/\/bonbexangdaumienbac.com\/?product=he-thong-xu-ly-nuoc-sach","title":{"rendered":"H\u1ec7 Th\u1ed1ng X\u1eed L\u00fd N\u01b0\u1edbc S\u1ea1ch"},"content":{"rendered":"<div>C\u00e1c Lo\u1ea1i b\u1ed3n x\u1eed l\u00fd n\u01b0\u1edbc th\u1ea3i: C\u00f4ng nghi\u1ec7p, sinh ho\u1ea1t, b\u1ec3 l\u1eafng, b\u1ed3n l\u1ecdc \u00e1p l\u1ef1c<\/div>\n<div>Th\u00f4ng tin chung: C\u00e1c c\u00f4ng tr\u00ecnh x\u1eed l\u00fd n\u01b0\u1edbc th\u1ea3i \u0111\u01b0\u1ee3c cung c\u1ea5p thi\u1ebft b\u1ecb x\u1eed l\u00fd n\u01b0\u1edbc th\u1ea3i nh\u01b0 c\u00e1c lo\u1ea1i b\u1ed3n b\u1ec3, v\u1eadt t\u01b0, \u0111\u01b0\u1eddng \u1ed1ng thi\u1ebft b\u1ecb x\u1eed l\u00fd n\u01b0\u1edbc.\u00a0C\u00e1c b\u1ed3n ch\u1ee9a \u0111\u1ec1u \u0111\u01b0\u1ee3c thi\u1ebft k\u1ebf theo l\u0129nh v\u1ef1c \u1ee9ng d\u1ee5ng \u0111\u1eb7c th\u00f9 theo y\u00eau c\u1ea7u kh\u00e1ch h\u00e0ng.<\/div>\n<div>\n<div>C\u00e1c d\u1ea1ng b\u1ed3n : tr\u00f2n, ch\u00f3p n\u00f3n ,b\u1ed3n trung t\u00e2m , Inox, l\u1eafng, n\u1eb1m ngang, \u0111\u1ee9ng ,vu\u00f4ng<\/div>\n<\/div>\n<div>\n<div>M\u1ee5c \u0111\u00edch s\u1eed d\u1ee5ng: Ng\u0103n thi\u1ebfu kh\u00ed , Ng\u0103n l\u1eafng, Ng\u0103n kh\u1eed tr\u00f9ng, Ng\u0103n ch\u1ee9a b\u00f9n<\/div>\n<div>\n<div><\/div>\n<\/div>\n<\/div>\n","protected":false},"excerpt":{"rendered":"<div><span style=\"font-size: 12pt;\"><strong>Th\u00f4ng tin chung:<\/strong> C\u00e1c c\u00f4ng tr\u00ecnh x\u1eed l\u00fd n\u01b0\u1edbc th\u1ea3i \u0111\u01b0\u1ee3c cung c\u1ea5p thi\u1ebft b\u1ecb x\u1eed l\u00fd n\u01b0\u1edbc th\u1ea3i nh\u01b0 c\u00e1c lo\u1ea1i b\u1ed3n b\u1ec3, v\u1eadt t\u01b0, \u0111\u01b0\u1eddng \u1ed1ng thi\u1ebft b\u1ecb x\u1eed l\u00fd n\u01b0\u1edbc.\u00a0C\u00e1c b\u1ed3n ch\u1ee9a \u0111\u1ec1u \u0111\u01b0\u1ee3c thi\u1ebft k\u1ebf theo l\u0129nh v\u1ef1c \u1ee9ng d\u1ee5ng \u0111\u1eb7c th\u00f9 theo y\u00eau c\u1ea7u kh\u00e1ch h\u00e0ng.<\/span><\/div>\n<div><span style=\"font-size: 12pt;\"><strong>C\u00e1c lo\u1ea1i b\u1ed3n:<\/strong> C\u00f4ng nghi\u1ec7p, sinh ho\u1ea1t, b\u1ec3 l\u1eafng, b\u1ed3n l\u1ecdc \u00e1p l\u1ef1c<\/span><\/div>\n<div><strong>Dung t\u00edch:<\/strong> 3m3 &#8211; 1000m3<\/div>\n<div>\n<div><span style=\"font-size: 12pt;\"><strong>C\u00e1c d\u1ea1ng b\u1ed3n:<\/strong> Tr\u00f2n, ch\u00f3p n\u00f3n ,b\u1ed3n trung t\u00e2m, Inox, l\u1eafng, n\u1eb1m ngang, \u0111\u1ee9ng, vu\u00f4ng<\/span><\/div>\n<\/div>\n<div>\n<div><span style=\"font-size: 12pt;\"><strong>M\u1ee5c \u0111\u00edch s\u1eed d\u1ee5ng:<\/strong> Ng\u0103n thi\u1ebfu kh\u00ed , Ng\u0103n l\u1eafng, Ng\u0103n kh\u1eed tr\u00f9ng, Ng\u0103n ch\u1ee9a b\u00f9n<\/span><\/div>\n<div>\n<div><\/div>\n<div><strong>HOT LINE T\u01af V\u1ea4N \u0110\u1eb6T H\u00c0NG : 0912.055.023<\/strong><\/div>\n<\/div>\n<\/div>\n","protected":false},"featured_media":974,"template":"","meta":{"neve_meta_sidebar":"","neve_meta_container":"","neve_meta_enable_content_width":"off","neve_meta_content_width":100,"neve_meta_title_alignment":"","neve_meta_author_avatar":"","neve_post_elements_order":"","neve_meta_disable_header":"","neve_meta_disable_footer":"","neve_meta_disable_title":""},"product_brand":[],"product_cat":[39],"product_tag":[],"class_list":{"0":"post-973","1":"product","2":"type-product","3":"status-publish","4":"has-post-thumbnail","6":"product_cat-bon-xu-ly-nuoc","8":"first","9":"instock","10":"taxable","11":"shipping-taxable","12":"purchasable","13":"product-type-simple"},"_links":{"self":[{"href":"https:\/\/bonbexangdaumienbac.com\/index.php?rest_route=\/wp\/v2\/product\/973","targetHints":{"allow":["GET"]}}],"collection":[{"href":"https:\/\/bonbexangdaumienbac.com\/index.php?rest_route=\/wp\/v2\/product"}],"about":[{"href":"https:\/\/bonbexangdaumienbac.com\/index.php?rest_route=\/wp\/v2\/types\/product"}],"version-history":[{"count":7,"href":"https:\/\/bonbexangdaumienbac.com\/index.php?rest_route=\/wp\/v2\/product\/973\/revisions"}],"predecessor-version":[{"id":28243,"href":"https:\/\/bonbexangdaumienbac.com\/index.php?rest_route=\/wp\/v2\/product\/973\/revisions\/28243"}],"wp:featuredmedia":[{"embeddable":true,"href":"https:\/\/bonbexangdaumienbac.com\/index.php?rest_route=\/wp\/v2\/media\/974"}],"wp:attachment":[{"href":"https:\/\/bonbexangdaumienbac.com\/index.php?rest_route=%2Fwp%2Fv2%2Fmedia&parent=973"}],"wp:term":[{"taxonomy":"product_brand","embeddable":true,"href":"https:\/\/bonbexangdaumienbac.com\/index.php?rest_route=%2Fwp%2Fv2%2Fproduct_brand&post=973"},{"taxonomy":"product_cat","embeddable":true,"href":"https:\/\/bonbexangdaumienbac.com\/index.php?rest_route=%2Fwp%2Fv2%2Fproduct_cat&post=973"},{"taxonomy":"product_tag","embeddable":true,"href":"https:\/\/bonbexangdaumienbac.com\/index.php?rest_route=%2Fwp%2Fv2%2Fproduct_tag&post=973"}],"curies":[{"name":"wp","href":"https:\/\/api.w.org\/{rel}","templated":true}]}}