{"id":971,"date":"2019-11-14T14:51:58","date_gmt":"2019-11-14T07:51:58","guid":{"rendered":"http:\/\/bonbexangdaumienbac.com\/?post_type=product&#038;p=971"},"modified":"2025-04-15T09:15:30","modified_gmt":"2025-04-15T02:15:30","slug":"bon-be-chua-axit","status":"publish","type":"product","link":"https:\/\/bonbexangdaumienbac.com\/?product=bon-be-chua-axit","title":{"rendered":"B\u1ed3n B\u1ec3 Inox Ch\u1ee9a Axit"},"content":{"rendered":"<div><span style=\"font-size: 14pt;\"><strong>Th\u00f4ng tin: <\/strong>L\u00e0 thi\u1ebft b\u1ecb \u0111\u01b0\u1ee3c s\u1eed d\u1ee5ng trong c\u00e1c nh\u00e0 m\u00e1y s\u1ea3n xu\u1ea5t h\u00f3a ch\u1ea5t, ch\u1ea5t t\u1ea9y r\u1eeda, x\u1eed l\u00fd n\u01b0\u1edbc.<strong><br \/>\n<\/strong><\/span><\/div>\n<div><span style=\"font-size: 14pt;\"><strong>Ch\u1ea5t li\u1ec7u:<\/strong> Inox SUS 304, SUS 316, th\u00e9p SS400.<\/span><\/div>\n<div><span style=\"font-size: 14pt;\"><strong>Dung t\u00edch:<\/strong> 1m<sup>3<\/sup>&#8211; 1000m<sup>3<\/sup><\/span><\/div>\n<div><span style=\"font-size: 14pt;\"><strong>C\u00e1c d\u1ea1ng b\u1ed3n ch\u1ee9a:<\/strong> Tr\u00f2n \u0111\u1ee9ng, tr\u1ee5 \u0111\u1ee9ng, h\u00ecnh tr\u00f2n, tr\u1ee5 n\u1eb1m<\/span><\/div>\n<div><span style=\"font-size: 14pt;\"><strong>L\u1edbp b\u1ecdc Composite:<\/strong> ch\u1ed1ng l\u1ea1i s\u1ef1 \u0103n m\u00f2n cao c\u1ee7a c\u00e1c lo\u1ea1i h\u00f3a ch\u1ea5t v\u00e0 axit.<\/span><\/div>\n<div><\/div>\n<div><strong><span style=\"font-size: 14pt;\">HOT LINE T\u01af V\u1ea4N \u0110\u1eb6T H\u00c0NG : 0912.055.023<\/span><\/strong><\/div>\n","protected":false},"excerpt":{"rendered":"<div><span style=\"font-size: 12pt;\"><strong>Th\u00f4ng Tin: <\/strong>L\u00e0 thi\u1ebft b\u1ecb \u0111\u01b0\u1ee3c s\u1eed d\u1ee5ng trong c\u00e1c nh\u00e0 m\u00e1y s\u1ea3n xu\u1ea5t h\u00f3a ch\u1ea5t, ch\u1ea5t t\u1ea9y r\u1eeda, x\u1eed l\u00fd n\u01b0\u1edbc.<\/span><\/div>\n<div><span style=\"font-size: 12pt;\"><strong>Ch\u1ea5t li\u1ec7u:<\/strong> Inox SUS 304, SUS 316, th\u00e9p SS400.<\/span><\/div>\n<div><span style=\"font-size: 12pt;\"><strong>Dung t\u00edch:<\/strong> 1m<sup>3<\/sup>&#8211; 1000m<sup>3<\/sup><\/span><\/div>\n<div><span style=\"font-size: 12pt;\"><strong>C\u00e1c d\u1ea1ng:<\/strong> Tr\u00f2n \u0111\u1ee9ng, tr\u1ee5 \u0111\u1ee9ng, h\u00ecnh tr\u00f2n, tr\u1ee5 n\u1eb1m<\/span><\/div>\n<div><span style=\"font-size: 12pt;\"><strong>L\u1edbp b\u1ecdc : <\/strong>Composite ngo\u00e0i ch\u1ed1ng l\u1ea1i s\u1ef1 \u0103n m\u00f2n cao c\u1ee7a c\u00e1c lo\u1ea1i h\u00f3a ch\u1ea5t v\u00e0 axit.<\/span><\/div>\n<div><\/div>\n<div><strong><span style=\"font-size: 12pt;\">HOT LINE T\u01af V\u1ea4N \u0110\u1eb6T H\u00c0NG : 0912.055.023<\/span><\/strong><\/div>\n","protected":false},"featured_media":972,"template":"","meta":{"neve_meta_sidebar":"","neve_meta_container":"","neve_meta_enable_content_width":"off","neve_meta_content_width":100,"neve_meta_title_alignment":"","neve_meta_author_avatar":"","neve_post_elements_order":"","neve_meta_disable_header":"","neve_meta_disable_footer":"","neve_meta_disable_title":""},"product_brand":[],"product_cat":[38,40],"product_tag":[],"class_list":{"0":"post-971","1":"product","2":"type-product","3":"status-publish","4":"has-post-thumbnail","6":"product_cat-bonbecongnghiep","7":"product_cat-bon-khuay-hoa-chat","9":"first","10":"instock","11":"taxable","12":"shipping-taxable","13":"purchasable","14":"product-type-simple"},"_links":{"self":[{"href":"https:\/\/bonbexangdaumienbac.com\/index.php?rest_route=\/wp\/v2\/product\/971","targetHints":{"allow":["GET"]}}],"collection":[{"href":"https:\/\/bonbexangdaumienbac.com\/index.php?rest_route=\/wp\/v2\/product"}],"about":[{"href":"https:\/\/bonbexangdaumienbac.com\/index.php?rest_route=\/wp\/v2\/types\/product"}],"version-history":[{"count":16,"href":"https:\/\/bonbexangdaumienbac.com\/index.php?rest_route=\/wp\/v2\/product\/971\/revisions"}],"predecessor-version":[{"id":28241,"href":"https:\/\/bonbexangdaumienbac.com\/index.php?rest_route=\/wp\/v2\/product\/971\/revisions\/28241"}],"wp:featuredmedia":[{"embeddable":true,"href":"https:\/\/bonbexangdaumienbac.com\/index.php?rest_route=\/wp\/v2\/media\/972"}],"wp:attachment":[{"href":"https:\/\/bonbexangdaumienbac.com\/index.php?rest_route=%2Fwp%2Fv2%2Fmedia&parent=971"}],"wp:term":[{"taxonomy":"product_brand","embeddable":true,"href":"https:\/\/bonbexangdaumienbac.com\/index.php?rest_route=%2Fwp%2Fv2%2Fproduct_brand&post=971"},{"taxonomy":"product_cat","embeddable":true,"href":"https:\/\/bonbexangdaumienbac.com\/index.php?rest_route=%2Fwp%2Fv2%2Fproduct_cat&post=971"},{"taxonomy":"product_tag","embeddable":true,"href":"https:\/\/bonbexangdaumienbac.com\/index.php?rest_route=%2Fwp%2Fv2%2Fproduct_tag&post=971"}],"curies":[{"name":"wp","href":"https:\/\/api.w.org\/{rel}","templated":true}]}}