{"id":962,"date":"2019-11-05T16:45:04","date_gmt":"2019-11-05T09:45:04","guid":{"rendered":"http:\/\/bonbexangdaumienbac.com\/?post_type=product&#038;p=962"},"modified":"2025-04-15T09:26:27","modified_gmt":"2025-04-15T02:26:27","slug":"cong-nghe-xu-ly-khi-thai-lo-hoi-sao-chep","status":"publish","type":"product","link":"https:\/\/bonbexangdaumienbac.com\/?product=cong-nghe-xu-ly-khi-thai-lo-hoi-sao-chep","title":{"rendered":"H\u1ec7 Th\u1ed1ng X\u1eed L\u00fd Kh\u00ed Th\u1ea3i Kh\u00f3i B\u1ee5i"},"content":{"rendered":"<p>Thi\u1ebft k\u1ebf h\u1ec7 th\u1ed1ng x\u1eed l\u00fd kh\u00ed th\u1ea3i kh\u00f3i b\u1ee5i<\/p>\n","protected":false},"excerpt":{"rendered":"<p><strong>Th\u00f4ng Tin Chung:<\/strong> H\u1ec7 th\u1ed1ng x\u1eed l\u00fd kh\u00ed th\u1ea3i \u2013 kh\u00f3i b\u1ee5i l\u00e0 m\u1ed9t ph\u1ea7n kh\u00f4ng th\u1ec3 thi\u1ebfu trong c\u00e1c c\u01a1 s\u1edf s\u1ea3n xu\u1ea5t, nh\u00e0 m\u00e1y, l\u00f2 h\u01a1i, l\u00f2 \u0111\u1ed1t r\u00e1c, ho\u1eb7c b\u1ea5t k\u1ef3 n\u01a1i n\u00e0o ph\u00e1t sinh kh\u00ed th\u1ea3i c\u00f3 ch\u1ee9a b\u1ee5i, ch\u1ea5t \u00f4 nhi\u1ec5m ho\u1eb7c kh\u00ed \u0111\u1ed9c h\u1ea1i.<\/p>\n<p><strong data-start=\"434\" data-end=\"459\">Trung H\u00f2a kh\u00ed \u0111\u1ed9c h\u1ea1i:<\/strong>\u00a0SO\u2082, NOx, CO, VOCs.<\/p>\n<p><strong>Ti\u00eau chu\u1ea9n: <\/strong>QCVN 19:2009\/BTNMT , QCVN 05:2013\/BTNMT, QCVN 30:2012\/BTNMT, QCVN 06:2009\/BTNMT<\/p>\n<p><strong>\u1ee8ng d\u1ee5ng trong:<\/strong> L\u00f2 \u0111\u1ed1t r\u00e1c, nh\u00e0 m\u00e1y h\u00f3a ch\u1ea5t, \u0111i\u1ec7n l\u1ef1c, nh\u00e0 m\u00e1y th\u00e9p, xi m\u0103ng, ch\u1ebf bi\u1ebfn g\u1ed7,&#8230;<\/p>\n<p><strong>HOT LINE T\u01af V\u1ea4N \u0110\u1eb6T H\u00c0NG : 0912.055.023<\/strong><\/p>\n","protected":false},"featured_media":963,"template":"","meta":{"neve_meta_sidebar":"","neve_meta_container":"","neve_meta_enable_content_width":"off","neve_meta_content_width":100,"neve_meta_title_alignment":"","neve_meta_author_avatar":"","neve_post_elements_order":"","neve_meta_disable_header":"","neve_meta_disable_footer":"","neve_meta_disable_title":""},"product_brand":[],"product_cat":[38,35],"product_tag":[],"class_list":{"0":"post-962","1":"product","2":"type-product","3":"status-publish","4":"has-post-thumbnail","6":"product_cat-bonbecongnghiep","7":"product_cat-he-thong-bon-chua-gas-lpg","9":"first","10":"instock","11":"taxable","12":"shipping-taxable","13":"purchasable","14":"product-type-simple"},"_links":{"self":[{"href":"https:\/\/bonbexangdaumienbac.com\/index.php?rest_route=\/wp\/v2\/product\/962","targetHints":{"allow":["GET"]}}],"collection":[{"href":"https:\/\/bonbexangdaumienbac.com\/index.php?rest_route=\/wp\/v2\/product"}],"about":[{"href":"https:\/\/bonbexangdaumienbac.com\/index.php?rest_route=\/wp\/v2\/types\/product"}],"version-history":[{"count":2,"href":"https:\/\/bonbexangdaumienbac.com\/index.php?rest_route=\/wp\/v2\/product\/962\/revisions"}],"predecessor-version":[{"id":28245,"href":"https:\/\/bonbexangdaumienbac.com\/index.php?rest_route=\/wp\/v2\/product\/962\/revisions\/28245"}],"wp:featuredmedia":[{"embeddable":true,"href":"https:\/\/bonbexangdaumienbac.com\/index.php?rest_route=\/wp\/v2\/media\/963"}],"wp:attachment":[{"href":"https:\/\/bonbexangdaumienbac.com\/index.php?rest_route=%2Fwp%2Fv2%2Fmedia&parent=962"}],"wp:term":[{"taxonomy":"product_brand","embeddable":true,"href":"https:\/\/bonbexangdaumienbac.com\/index.php?rest_route=%2Fwp%2Fv2%2Fproduct_brand&post=962"},{"taxonomy":"product_cat","embeddable":true,"href":"https:\/\/bonbexangdaumienbac.com\/index.php?rest_route=%2Fwp%2Fv2%2Fproduct_cat&post=962"},{"taxonomy":"product_tag","embeddable":true,"href":"https:\/\/bonbexangdaumienbac.com\/index.php?rest_route=%2Fwp%2Fv2%2Fproduct_tag&post=962"}],"curies":[{"name":"wp","href":"https:\/\/api.w.org\/{rel}","templated":true}]}}