{"id":956,"date":"2019-11-02T15:47:03","date_gmt":"2019-11-02T08:47:03","guid":{"rendered":"http:\/\/bonbexangdaumienbac.com\/?post_type=product&#038;p=956"},"modified":"2025-04-14T15:56:00","modified_gmt":"2025-04-14T08:56:00","slug":"thi-cong-duong-ong-cong-nghe-xang-dau","status":"publish","type":"product","link":"https:\/\/bonbexangdaumienbac.com\/?product=thi-cong-duong-ong-cong-nghe-xang-dau","title":{"rendered":"Thi C\u00f4ng \u0110\u01b0\u1eddng \u1ed0ng C\u00f4ng Ngh\u1ec7 X\u0103ng D\u1ea7u"},"content":{"rendered":"<h2><strong>Th\u00f4ng tin s\u1ea3n ph\u1ea9m: \u0110\u01b0\u1eddng \u1ed0ng C\u00f4ng Ngh\u1ec7 X\u0103ng D\u1ea7u <\/strong><\/h2>\n<p><strong>1.T\u1ed5ng quan \u0111\u01b0\u1eddng \u1ed1ng b\u1ea3o \u00f4n v\u00e0 thi\u1ebft b\u1ecb<\/strong><\/p>\n<div>-\u0110\u01b0\u1eddng \u1ed1ng h\u01a1i mu\u1ed1n v\u1eadn h\u00e0nh t\u1ed1t, gia t\u0103ng tu\u1ed5i th\u1ecd , h\u1ea1n ch\u1ebf \u0111\u01b0\u1ee3c \u0103n m\u00f2n c\u1ea7n c\u00f3 b\u1ea3o \u00f4n \u0111\u01b0\u1eddng \u1ed1ng t\u1ed1t, c\u00e1ch nhi\u1ec7t t\u1ed1t.<\/div>\n<div><strong>-B\u1ea3o \u00f4n \u0111\u01b0\u1eddng \u1ed1ng<\/strong> gi\u00fap qu\u00e1 tr\u00ecnh v\u1eadn h\u00e0nh h\u1ec7 th\u1ed1ng ti\u1ebft ki\u1ec7m nhi\u00ean li\u1ec7u, h\u1ea1n ch\u1ebf tho\u00e1t nhi\u1ec7t n\u0103ng ra ngo\u00e0i m\u00f4i tr\u01b0\u1eddng v\u00e0 an to\u00e0n trong su\u1ed1t qu\u00e1 tr\u00ecnh v\u1eadn h\u00e0nh.<\/div>\n<div>\n<div>-B\u00f4ng kho\u00e1ng d\u1ea1ng \u1ed1ng l\u00e0 lo\u1ea1i v\u1eadt t\u01b0 ti\u00eau chu\u1ea9n nh\u1ea5t th\u01b0\u1eddng \u0111\u01b0\u1ee3c d\u00f9ng cho vi\u1ec7c c\u00e1ch nhi\u1ec7t \u0111\u01b0\u1eddng \u1ed1ng.<\/div>\n<div>-Thi\u1ebft k\u1ebf \u0111\u01b0\u1ee3c \u0111\u1ecbnh h\u00ecnh s\u1eb5n trong khu\u00f4n theo h\u00ecnh \u1ed1ng n\u00ean r\u1ea5t thu\u1eadn ti\u1ec7n cho vi\u1ec7c b\u1ecdc c\u00e1ch nhi\u1ec7t, b\u00ean c\u1ea1nh \u0111\u00f3 b\u00f4ng kho\u00e1ng c\u00f2n \u0111\u01b0\u1ee3c thi\u1ebft k\u1ebf x\u1ebb d\u1ecdc s\u1eb5n n\u00ean r\u1ea5t d\u1ec5 d\u00e0ng trong qu\u00e1 tr\u00ecnh thi c\u00f4ng v\u00e0 ti\u1ebft ki\u1ec7m \u0111\u01b0\u1ee3c th\u1eddi gian l\u1eafp \u0111\u1eb7t h\u01a1n.<\/div>\n<\/div>\n<div><\/div>\n<div><strong>2. \u0110\u1eb7c \u0111i\u1ec3m \u0111\u01b0\u1eddng \u1ed1ng b\u1ea3o \u00f4n v\u00e0 thi\u1ebft b\u1ecb<\/strong><\/div>\n<div>\n<div>\n<div>+ T\u00ean v\u1eadt li\u1ec7u: B\u00f4ng kho\u00e1ng hay b\u00f4ng th\u1ee7y tinh c\u00e1ch nhi\u1ec7t<\/div>\n<div>+ T\u1ef7 tr\u1ecdng: kho\u1ea3ng h\u01a1n 100kg\/m3<\/div>\n<div>+ Th\u00e0nh \u1ed1ng c\u00f3 \u0111\u1ed9 d\u00e0y kho\u1ea3ng 30 \u0111\u1ebfn 150mm.<\/div>\n<div>+ \u1ed0ng c\u00f3 \u0111\u01b0\u1eddng k\u00ednh kho\u1ea3ng t\u1eeb 22 \u2013 h\u01a1n 370.<\/div>\n<div>+ Chi\u1ec1u d\u00e0i kho\u1ea3ng 1m.<\/div>\n<div>+ C\u00f3 hai lo\u1ea1i l\u00e0 b\u1ec1 m\u1eb7t \u0111\u01b0\u1ee3c tr\u00e1ng b\u1ea1c v\u00e0 lo\u1ea1i kh\u00f4ng tr\u00e1ng b\u1ea1c.<\/div>\n<div>\n<div>+ \u1ed0ng b\u1ea3o \u00f4n c\u00f3 b\u1ea1c<\/div>\n<div>+ Nh\u1edd v\u00e0o \u0111\u1eb7c \u0111i\u1ec3m s\u1ee3i b\u00f4ng m\u1ec1m, d\u1ebbo, c\u00f3 \u0111\u1ed9 \u0111\u00e0n h\u1ed3i v\u00e0 li\u00ean k\u1ebft cao n\u00ean \u0111\u01b0\u1ee3c \u1ee9ng d\u1ee5ng l\u00e0m b\u1ea3o \u00f4n \u0111\u01b0\u1eddng \u1ed1ng h\u01a1i n\u00f3ng, \u0111\u01b0\u1eddng \u1ed1ng d\u1ea7u t\u1ea3i nhi\u1ec7t, \u0111\u01b0\u1eddng \u1ed1ng c\u00f4ng ngh\u1ec7, \u1ed1ng d\u1eabn h\u01a1i n\u01b0\u1edbc, \u1ed1ng l\u00f2 h\u01a1i, nh\u00e0 m\u00e1y may, d\u1ec7t, h\u00f3a ch\u1ea5t, ch\u1ebf bi\u1ebfn th\u1ef1c ph\u1ea9m, d\u01b0\u1ee3c ph\u1ea9m,\u2026<\/div>\n<div>+ \u0110i\u1ec3m l\u01b0u \u00fd trong vi\u1ec7c d\u00f9ng v\u1eadt li\u1ec7u n\u00e0y \u0111\u00f3 l\u00e0: kh\u00f4ng n\u00ean d\u00f9ng b\u00f4ng kho\u00e1ng \u0111\u1ec3 c\u00e1ch nhi\u1ec7t l\u1ea1nh v\u00ec khi g\u1eb7p h\u01a1i n\u01b0\u1edbc c\u00e1c s\u1ee3i b\u00f4ng s\u1ebd h\u1ea1n ch\u1ebf kh\u1ea3 n\u0103ng ho\u1ea1t \u0111\u1ed9ng h\u01a1n v\u00e0 m\u1ea5t \u0111i t\u00e1c d\u1ee5ng.<\/div>\n<\/div>\n<\/div>\n<\/div>\n","protected":false},"excerpt":{"rendered":"<p><strong>\u0110\u01b0\u1eddng \u1ed1ng b\u1ea3o \u00f4n v\u00e0 thi\u1ebft b\u1ecb:<\/strong> B\u1ea3o \u00f4n \u0111\u01b0\u1eddng \u1ed1ng gi\u00fap qu\u00e1 tr\u00ecnh v\u1eadn h\u00e0nh h\u1ec7 th\u1ed1ng ti\u1ebft ki\u1ec7m nhi\u00ean li\u1ec7u, h\u1ea1n ch\u1ebf tho\u00e1t nhi\u1ec7t n\u0103ng ra ngo\u00e0i m\u00f4i tr\u01b0\u1eddng v\u00e0 an to\u00e0n trong su\u1ed1t qu\u00e1 tr\u00ecnh v\u1eadn h\u00e0nh. Thi\u1ebft k\u1ebf \u0111\u01b0\u1ee3c \u0111\u1ecbnh h\u00ecnh s\u1eb5n trong khu\u00f4n theo h\u00ecnh \u1ed1ng n\u00ean r\u1ea5t thu\u1eadn ti\u1ec7n cho vi\u1ec7c b\u1ecdc c\u00e1ch nhi\u1ec7t, b\u00ean c\u1ea1nh \u0111\u00f3 b\u00f4ng kho\u00e1ng c\u00f2n \u0111\u01b0\u1ee3c thi\u1ebft k\u1ebf x\u1ebb d\u1ecdc s\u1eb5n n\u00ean r\u1ea5t d\u1ec5 d\u00e0ng trong qu\u00e1 tr\u00ecnh thi c\u00f4ng v\u00e0 ti\u1ebft ki\u1ec7m \u0111\u01b0\u1ee3c th\u1eddi gian l\u1eafp \u0111\u1eb7t h\u01a1n.<\/p>\n<p><strong>T\u00ean v\u1eadt li\u1ec7u:<\/strong> B\u00f4ng kho\u00e1ng hay b\u00f4ng th\u1ee7y tinh c\u00e1ch nhi\u1ec7t<\/p>\n<p><strong>T\u1ef7 tr\u1ecdng:<\/strong> &gt; 100kg\/m3<\/p>\n<div>\n<div><strong>\u0110\u1ed9 d\u00e0y th\u00e0nh \u1ed1ng:<\/strong> 30mm ~ 150mm.<\/div>\n<div><strong>\u0110\u01b0\u1eddng k\u00ednh \u1ed1ng:<\/strong>\u00a022mm ~ 370mm<\/div>\n<div><strong>Chi\u1ec1u d\u00e0i:<\/strong> 1m.<\/div>\n<div><strong>Lo\u1ea1i l\u00e0 b\u1ec1 m\u1eb7t:<\/strong> tr\u00e1ng b\u1ea1c v\u00e0 kh\u00f4ng tr\u00e1ng b\u1ea1c.<\/div>\n<div><\/div>\n<\/div>\n<p><strong>HOT LINE T\u01af V\u1ea4N \u0110\u1eb6T H\u00c0NG : 0912.055.023<\/strong><\/p>\n","protected":false},"featured_media":957,"template":"","meta":{"neve_meta_sidebar":"","neve_meta_container":"","neve_meta_enable_content_width":"off","neve_meta_content_width":100,"neve_meta_title_alignment":"","neve_meta_author_avatar":"","neve_post_elements_order":"","neve_meta_disable_header":"","neve_meta_disable_footer":"","neve_meta_disable_title":""},"product_brand":[],"product_cat":[54,56],"product_tag":[],"class_list":{"0":"post-956","1":"product","2":"type-product","3":"status-publish","4":"has-post-thumbnail","6":"product_cat-cung-cap-lap-dat-cot-bom-va-can-bom","7":"product_cat-lap-dat-duong-ong-cong-nghe-cho-cay-xang","9":"first","10":"instock","11":"taxable","12":"shipping-taxable","13":"purchasable","14":"product-type-simple"},"_links":{"self":[{"href":"https:\/\/bonbexangdaumienbac.com\/index.php?rest_route=\/wp\/v2\/product\/956","targetHints":{"allow":["GET"]}}],"collection":[{"href":"https:\/\/bonbexangdaumienbac.com\/index.php?rest_route=\/wp\/v2\/product"}],"about":[{"href":"https:\/\/bonbexangdaumienbac.com\/index.php?rest_route=\/wp\/v2\/types\/product"}],"version-history":[{"count":5,"href":"https:\/\/bonbexangdaumienbac.com\/index.php?rest_route=\/wp\/v2\/product\/956\/revisions"}],"predecessor-version":[{"id":28224,"href":"https:\/\/bonbexangdaumienbac.com\/index.php?rest_route=\/wp\/v2\/product\/956\/revisions\/28224"}],"wp:featuredmedia":[{"embeddable":true,"href":"https:\/\/bonbexangdaumienbac.com\/index.php?rest_route=\/wp\/v2\/media\/957"}],"wp:attachment":[{"href":"https:\/\/bonbexangdaumienbac.com\/index.php?rest_route=%2Fwp%2Fv2%2Fmedia&parent=956"}],"wp:term":[{"taxonomy":"product_brand","embeddable":true,"href":"https:\/\/bonbexangdaumienbac.com\/index.php?rest_route=%2Fwp%2Fv2%2Fproduct_brand&post=956"},{"taxonomy":"product_cat","embeddable":true,"href":"https:\/\/bonbexangdaumienbac.com\/index.php?rest_route=%2Fwp%2Fv2%2Fproduct_cat&post=956"},{"taxonomy":"product_tag","embeddable":true,"href":"https:\/\/bonbexangdaumienbac.com\/index.php?rest_route=%2Fwp%2Fv2%2Fproduct_tag&post=956"}],"curies":[{"name":"wp","href":"https:\/\/api.w.org\/{rel}","templated":true}]}}