{"id":946,"date":"2019-10-29T15:23:14","date_gmt":"2019-10-29T08:23:14","guid":{"rendered":"http:\/\/bonbexangdaumienbac.com\/?post_type=product&#038;p=946"},"modified":"2025-04-15T09:31:15","modified_gmt":"2025-04-15T02:31:15","slug":"binh-gop-hoi-binh-tich-khi","status":"publish","type":"product","link":"https:\/\/bonbexangdaumienbac.com\/?product=binh-gop-hoi-binh-tich-khi","title":{"rendered":"B\u00ecnh T\u00edch Kh\u00ed 3m3 &#8211; 1000m3"},"content":{"rendered":"<p><strong>Th\u00f4ng s\u1ed1 k\u1ef9 thu\u1eadt b\u00ecnh t\u00edch kh\u00ed<\/strong><\/p>\n<p>Dung t\u00edch : 3m3 -1000m3<\/p>\n<p>\u00c1p su\u1ea5t l\u00e0m vi\u1ec7c : 10 Bar<\/p>\n<p>\u00c1p su\u1ea5t th\u1eed: 15 Bar<\/p>\n<p>V\u1eadt Li\u1ec7u: Q345B , SS400, A515, SUS304&#8230;<\/p>\n<p>Lo\u1ea1i s\u01a1n: S\u01a1n ch\u1ed1ng\u00a0 r\u1ec9 , S\u01a1n m\u00e0u ho\u1eb7c Epoxy theo y\u00eau c\u1ea7u\u00a0kh\u00e1ch\u00a0h\u00e0ng<\/p>\n<p>Nhi\u1ec7t \u0111\u1ed9 l\u00e0m vi\u1ec7c t\u1ed1i \u0111a : 150 \u0111\u1ed9 C<\/p>\n<p>L\u0129nh v\u1ef1c s\u1eed d\u1ee5ng :C\u00f4ng nghi\u1ec7p,ch\u1ebf bi\u1ebfn th\u1ef1c ph\u1ea9m,c\u01a1 kh\u00ed,l\u1eafp r\u00e1p \u00f4 t\u00f4,\u0111i\u1ec7n t\u1eed,d\u01b0\u1ee3c ph\u1ea9m,y t\u1ebf&#8230;<\/p>\n<p>Gi\u1ea5y ph\u00e9p : H\u1ed3 s\u01a1 ki\u1ec3m \u0111\u1ecbnh c\u1ee7a c\u01a1 quan ch\u1ee9c n\u0103ng<\/p>\n<p>Ph\u1ee5 ki\u1ec7n : Van an to\u00e0n , Van x\u1ea3 \u0111\u00e1y , \u0111\u1ed3ng h\u1ed3 \u0111o \u00e1p su\u1ea5t<\/p>\n<p><strong>Ti\u00eau chu\u1ea9n k\u1ef9 thu\u1eadt<\/strong><\/p>\n<p>B\u00ecnh ch\u1ecbu \u00e1p l\u1ef1c do Qu\u1ea3ng L\u1ee3i ch\u1ebf t\u1ea1o theo c\u00f4ng ngh\u1ec7 t\u00e2n ti\u1ebfn hi\u1ec7n \u0111\u1ea1i, \u0111\u01b0\u1ee3c \u00e1p d\u1ee5ng theo ti\u00eau chu\u1ea9n ASME &#8211; Section VIII &#8211; Division 1, TCVN 8366:2010; 7704:2007 v\u00e0 \u0111\u01b0\u1ee3c \u00e1p d\u1ee5ng h\u1ec7 th\u1ed1ng qu\u1ea3n l\u00fd ch\u1ea5t l\u01b0\u1ee3ng ISO 9001 : 2000<\/p>\n","protected":false},"excerpt":{"rendered":"<p><strong>Th\u00f4ng tin: <\/strong>B\u00ecnh t\u00edch kh\u00ed l\u00e0 thi\u1ebft b\u1ecb kh\u00f4ng th\u1ec3 thi\u1ebfu trong h\u1ec7 th\u1ed1ng kh\u00ed n\u00e9n, gi\u00fap \u0111\u1ea3m b\u1ea3o \u00e1p su\u1ea5t \u1ed5n \u0111\u1ecbnh, l\u01b0u tr\u1eef kh\u00ed v\u00e0 t\u0103ng hi\u1ec7u su\u1ea5t to\u00e0n h\u1ec7 th\u1ed1ng.<\/p>\n<p><strong>Dung t\u00edch:<\/strong> 3m3 -1000m3<\/p>\n<p><strong>\u00c1p su\u1ea5t l\u00e0m vi\u1ec7c:<\/strong> 10 Bar<\/p>\n<p><strong>\u00c1p su\u1ea5t th\u1eed:<\/strong> 15 Bar<\/p>\n<p><strong>V\u1eadt Li\u1ec7u:<\/strong> Q345B , SS400, A515, SUS304&#8230;<\/p>\n<p><strong>Lo\u1ea1i s\u01a1n:<\/strong> S\u01a1n ch\u1ed1ng r\u1ec9, s\u01a1n m\u00e0u, epoxy<\/p>\n<p><strong>Nhi\u1ec7t \u0111\u1ed9 l\u00e0m vi\u1ec7c t\u1ed1i \u0111a:<\/strong> 150<sup>o<\/sup> C<\/p>\n<p><strong>L\u0129nh v\u1ef1c s\u1eed d\u1ee5ng:<\/strong> C\u00f4ng nghi\u1ec7p, ch\u1ebf bi\u1ebfn th\u1ef1c ph\u1ea9m, c\u01a1 kh\u00ed, l\u1eafp r\u00e1p \u00f4 t\u00f4, \u0111i\u1ec7n t\u1eed, d\u01b0\u1ee3c ph\u1ea9m, y t\u1ebf&#8230;<\/p>\n<p><strong>Ti\u00eau chu\u1ea9n k\u1ef9 thu\u1eadt:<\/strong>\u00a0ASME &#8211; Section VIII &#8211; Division 1, TCVN 8366:2010; 7704:2007 v\u00e0 \u0111\u01b0\u1ee3c \u00e1p d\u1ee5ng h\u1ec7 th\u1ed1ng qu\u1ea3n l\u00fd ch\u1ea5t l\u01b0\u1ee3ng ISO 9001 : 2000<\/p>\n","protected":false},"featured_media":947,"template":"","meta":{"neve_meta_sidebar":"","neve_meta_container":"","neve_meta_enable_content_width":"off","neve_meta_content_width":100,"neve_meta_title_alignment":"","neve_meta_author_avatar":"","neve_post_elements_order":"","neve_meta_disable_header":"","neve_meta_disable_footer":"","neve_meta_disable_title":""},"product_brand":[],"product_cat":[43],"product_tag":[],"class_list":{"0":"post-946","1":"product","2":"type-product","3":"status-publish","4":"has-post-thumbnail","6":"product_cat-binh-gop-hoi-binh-tich-khi","8":"first","9":"instock","10":"taxable","11":"shipping-taxable","12":"purchasable","13":"product-type-simple"},"_links":{"self":[{"href":"https:\/\/bonbexangdaumienbac.com\/index.php?rest_route=\/wp\/v2\/product\/946","targetHints":{"allow":["GET"]}}],"collection":[{"href":"https:\/\/bonbexangdaumienbac.com\/index.php?rest_route=\/wp\/v2\/product"}],"about":[{"href":"https:\/\/bonbexangdaumienbac.com\/index.php?rest_route=\/wp\/v2\/types\/product"}],"version-history":[{"count":5,"href":"https:\/\/bonbexangdaumienbac.com\/index.php?rest_route=\/wp\/v2\/product\/946\/revisions"}],"predecessor-version":[{"id":28246,"href":"https:\/\/bonbexangdaumienbac.com\/index.php?rest_route=\/wp\/v2\/product\/946\/revisions\/28246"}],"wp:featuredmedia":[{"embeddable":true,"href":"https:\/\/bonbexangdaumienbac.com\/index.php?rest_route=\/wp\/v2\/media\/947"}],"wp:attachment":[{"href":"https:\/\/bonbexangdaumienbac.com\/index.php?rest_route=%2Fwp%2Fv2%2Fmedia&parent=946"}],"wp:term":[{"taxonomy":"product_brand","embeddable":true,"href":"https:\/\/bonbexangdaumienbac.com\/index.php?rest_route=%2Fwp%2Fv2%2Fproduct_brand&post=946"},{"taxonomy":"product_cat","embeddable":true,"href":"https:\/\/bonbexangdaumienbac.com\/index.php?rest_route=%2Fwp%2Fv2%2Fproduct_cat&post=946"},{"taxonomy":"product_tag","embeddable":true,"href":"https:\/\/bonbexangdaumienbac.com\/index.php?rest_route=%2Fwp%2Fv2%2Fproduct_tag&post=946"}],"curies":[{"name":"wp","href":"https:\/\/api.w.org\/{rel}","templated":true}]}}