{"id":879,"date":"2019-10-22T15:31:33","date_gmt":"2019-10-22T08:31:33","guid":{"rendered":"http:\/\/bonbexangdaumienbac.com\/?post_type=product&#038;p=879"},"modified":"2025-04-15T15:56:27","modified_gmt":"2025-04-15T08:56:27","slug":"bon-chua-dau-1000m3","status":"publish","type":"product","link":"https:\/\/bonbexangdaumienbac.com\/?product=bon-chua-dau-1000m3","title":{"rendered":"B\u1ed3n Ch\u1ee9a D\u1ea7u"},"content":{"rendered":"<p>Ti\u00eau chu\u1ea9n k\u1ef9 thu\u1eadt B\u1ed3n ch\u1ee9a d\u1ea7u 3m3 &#8211; 1000m3 B\u1ed3n ch\u1ee9a x\u0103ng ,d\u1ea7u do C\u00f4ng ty TNHH Qu\u1ea3ng L\u1ee3i thi\u1ebft k\u1ebf, ch\u1ebf t\u1ea1o theo c\u00f4ng ngh\u1ec7 t\u00e2n ti\u1ebfn hi\u1ec7n \u0111\u1ea1i, \u0111\u01b0\u1ee3c \u00e1p d\u1ee5ng theo ti\u00eau chu\u1ea9n ASME &#8211; Section VIII &#8211; Division 1, TCVN 8366:2010; 7704:2007 v\u00e0 \u0111\u01b0\u1ee3c \u00e1p d\u1ee5ng h\u1ec7 th\u1ed1ng qu\u1ea3n l\u00fd ch\u1ea5t l\u01b0\u1ee3ng ISO 9001 : 2000<\/p>\n<p><strong>\u0110\u1eb7c \u0111i\u1ec3m ch\u1ebf t\u1ea1o:<\/strong><br \/>\n\u0110i\u1ec1u \u0111\u1eb7c bi\u1ec7t hai ch\u1ecfm c\u1ea7u c\u1ee7a b\u00ecnh ch\u1ee9a d\u1ea7u \u0111\u01b0\u1ee3c s\u1ea3n xu\u1ea5t b\u1eb1ng v\u1eadt li\u1ec7u th\u00e9p Q235B theo ti\u00eau chu\u1ea9n GB tr\u00ean m\u00e1y mi\u1ebft ch\u1ecfm c\u1ea7u chuy\u00ean d\u1ee5ng .<br \/>\nC\u00e1c lo\u1ea1i b\u1ed3n t\u00f4n d\u00e0y tr\u00ean 8mm\u00a0 \u0111\u01b0\u1ee3c h\u00e0n \u0111i\u1ec1n hai ph\u00eda, trong v\u00e0 ngo\u00e0i c\u00f3 l\u1edbp thu\u1ed1c b\u1ea3o v\u1ec7 tr\u00ean h\u1ec7t h\u1ed1ng m\u00e1y h\u00e0n, m\u00e1y cu\u1ed1n l\u1ed1c th\u1ee7y l\u1ef1c hi\u1ec7n \u0111\u1ea1i, theo c\u00f4ng ngh\u1ec7 t\u00e2n ti\u1ebfn c\u1ee7a c\u00e1c n\u01b0\u1edbc ph\u00e1t tri\u1ec3n G7.<\/p>\n<p>C\u00e1c m\u1ed1i h\u00e0n \u0111\u1ec1u do th\u1ee3 h\u00e0n c\u00f3 chuy\u00ean m\u00f4n v\u1ec1 h\u00e0n \u00e1p l\u1ef1c b\u1eadc 5G v\u00e0 6G (TCXDVN 314:2005) th\u1ef1c hi\u1ec7n.<br \/>\nTrong qu\u00e1 tr\u00ecnh ch\u1ebf t\u1ea1o c\u00f3 s\u1ef1 ki\u1ec3m tra gi\u00e1m s\u00e1t ch\u1eb7t ch\u1ebd c\u1ee7a KCS v\u00e0 c\u00e1n b\u1ed9 ki\u1ec3m \u0111\u1ecbnh v\u1ec1 an to\u00e0n c\u1ee7a thi\u1ebft b\u1ecb \u00e1p l\u1ef1c.<br \/>\nTo\u00e0n b\u1ed9 c\u00e1c m\u1ed1i h\u00e0n \u0111\u01b0\u1ee3c si\u00eau \u00e2m v\u00e0 ki\u1ec3m tra \u0111\u1ed9 k\u00edn b\u1eb1ng ph\u01b0\u01a1ng\u00a0 ph\u00e1p th\u1ea9m th\u1ea5u<\/p>\n","protected":false},"excerpt":{"rendered":"<p><strong>Th\u00f4ng tin chung: <\/strong>D\u00f9ng \u0111\u1ec3 l\u01b0u tr\u1eef nhi\u00ean li\u1ec7u l\u1ecfng nh\u01b0: x\u0103ng, d\u1ea7u diesel, d\u1ea7u DO, FO, d\u1ea7u nh\u1edbt, d\u1ea7u th\u1ea3i&#8230;<strong><br \/>\nH\u00ecnh D\u1ea1ng:<\/strong> Vu\u00f4ng, tr\u1ee5 \u0111\u1ee9ng, tr\u1ee5 n\u1eb1m<\/p>\n<p><strong>Dung t\u00edch:<\/strong> 3m<sup>3<\/sup>\u00a0 \u2013 1.000m<sup>3<\/sup><\/p>\n<p><strong>Lo\u1ea1i \u00e1p su\u1ea5t:<\/strong> \u00c1p su\u1ea5t th\u1ee7y t\u0129nh<\/p>\n<p><strong>V\u1eadt li\u1ec7u:<\/strong> Th\u00e9p Q235 ; th\u00e9p SS400<\/p>\n<p><strong>M\u00e0u s\u1eafc:<\/strong> S\u01a1n Epoxy ch\u1ed1ng r\u1ec9 v\u00e0 s\u01a1n m\u00e0u theo y\u00eau c\u1ea7u kh\u00e1ch h\u00e0ng, b\u1ed3n ch\u00f4n ng\u1ea7m b\u1ecdc v\u1ea3i thu\u1ef7 tinh s\u01a1n nh\u1ef1a \u0111\u01b0\u1eddng<\/p>\n<p><strong>Nhi\u1ec7t \u0111\u1ed9 \u0111\u1ea7u v\u00e0o:<\/strong> \u2264 50 \u0111\u1ed9 C<\/p>\n<p><strong>L\u0129nh v\u1ef1c s\u1eed d\u1ee5ng:<\/strong> Ch\u1ee9a d\u1ea7u c\u00e1c lo\u1ea1i<\/p>\n<p><strong>Ki\u1ec3m \u0111\u1ecbnh:<\/strong> Gi\u1ea5y ph\u00e9p s\u1eed d\u1ee5ng theo h\u1ed3 s\u01a1 c\u1ee7a c\u01a1 quan ch\u1ee9c n\u0103ng<br \/>\n<strong>HOT LINE T\u01af V\u1ea4N \u0110\u1eb6T H\u00c0NG : 0912.055.023<\/strong><\/p>\n","protected":false},"featured_media":27454,"template":"","meta":{"neve_meta_sidebar":"","neve_meta_container":"","neve_meta_enable_content_width":"off","neve_meta_content_width":100,"neve_meta_title_alignment":"","neve_meta_author_avatar":"","neve_post_elements_order":"","neve_meta_disable_header":"","neve_meta_disable_footer":"","neve_meta_disable_title":""},"product_brand":[],"product_cat":[38],"product_tag":[],"class_list":{"0":"post-879","1":"product","2":"type-product","3":"status-publish","4":"has-post-thumbnail","6":"product_cat-bonbecongnghiep","8":"first","9":"instock","10":"taxable","11":"shipping-taxable","12":"purchasable","13":"product-type-simple"},"_links":{"self":[{"href":"https:\/\/bonbexangdaumienbac.com\/index.php?rest_route=\/wp\/v2\/product\/879","targetHints":{"allow":["GET"]}}],"collection":[{"href":"https:\/\/bonbexangdaumienbac.com\/index.php?rest_route=\/wp\/v2\/product"}],"about":[{"href":"https:\/\/bonbexangdaumienbac.com\/index.php?rest_route=\/wp\/v2\/types\/product"}],"version-history":[{"count":8,"href":"https:\/\/bonbexangdaumienbac.com\/index.php?rest_route=\/wp\/v2\/product\/879\/revisions"}],"predecessor-version":[{"id":28260,"href":"https:\/\/bonbexangdaumienbac.com\/index.php?rest_route=\/wp\/v2\/product\/879\/revisions\/28260"}],"wp:featuredmedia":[{"embeddable":true,"href":"https:\/\/bonbexangdaumienbac.com\/index.php?rest_route=\/wp\/v2\/media\/27454"}],"wp:attachment":[{"href":"https:\/\/bonbexangdaumienbac.com\/index.php?rest_route=%2Fwp%2Fv2%2Fmedia&parent=879"}],"wp:term":[{"taxonomy":"product_brand","embeddable":true,"href":"https:\/\/bonbexangdaumienbac.com\/index.php?rest_route=%2Fwp%2Fv2%2Fproduct_brand&post=879"},{"taxonomy":"product_cat","embeddable":true,"href":"https:\/\/bonbexangdaumienbac.com\/index.php?rest_route=%2Fwp%2Fv2%2Fproduct_cat&post=879"},{"taxonomy":"product_tag","embeddable":true,"href":"https:\/\/bonbexangdaumienbac.com\/index.php?rest_route=%2Fwp%2Fv2%2Fproduct_tag&post=879"}],"curies":[{"name":"wp","href":"https:\/\/api.w.org\/{rel}","templated":true}]}}