{"id":837,"date":"2019-10-07T14:59:30","date_gmt":"2019-10-07T07:59:30","guid":{"rendered":"http:\/\/localhost\/project\/quangloi\/?post_type=product&#038;p=837"},"modified":"2025-04-14T19:52:06","modified_gmt":"2025-04-14T12:52:06","slug":"bon-chua-xang-dau-inox","status":"publish","type":"product","link":"https:\/\/bonbexangdaumienbac.com\/?product=bon-chua-xang-dau-inox","title":{"rendered":"B\u1ed3n Ch\u1ee9a X\u0103ng D\u1ea7u Inox"},"content":{"rendered":"<h2><strong>\u0110\u1eb7c \u0111i\u1ec3m c\u1ee7a b\u1ed3n ch\u1ee9a x\u0103ng d\u1ea7u inox<\/strong><\/h2>\n<ul>\n<li>\u0110\u1ed9 b\u1ec1n cao, ph\u00e2n b\u1ed5 \u00e1p su\u1ea5t h\u1ee3p l\u00fd<\/li>\n<li>Ch\u1ed1ng \u0103n m\u00f2n t\u1ed1t, c\u00e1ch nhi\u1ec7t t\u1ed1t, tu\u1ed5i th\u1ecd cao<\/li>\n<li>H\u1ec7 th\u1ed1ng \u0111\u1ea3m b\u1ea3o ch\u1ea5t l\u01b0\u1ee3ng cho quy tr\u00ecnh s\u1ea3n xu\u1ea5t hi\u1ec7n \u0111\u1ea1i, c\u00f4ng ngh\u1ec7 ti\u00ean ti\u1ebfn cho ra nh\u1eefng s\u1ea3n ph\u1ea9m ch\u1ea5t l\u01b0\u1ee3ng cao.<\/li>\n<li>C\u00e1c b\u1ed3n ch\u1ee9a d\u1ea7u inox \u0111\u01b0\u1ee3c thi\u1ebft k\u1ebf theo y\u00eau c\u1ea7u kh\u00e1ch h\u00e0ng<\/li>\n<li>Nhi\u1ec7t \u0111\u1ed9 l\u00e0m vi\u1ec7c l\u00e0 PP-10 \u2103\uff5e120 \u2103, PVC40 \u2103\uff5e60 \u2103.<\/li>\n<li>\u00c1p su\u1ea5t l\u00e0m vi\u1ec7c l\u00e0 \u00e1p su\u1ea5t kh\u00ed quy\u1ec3n<\/li>\n<\/ul>\n","protected":false},"excerpt":{"rendered":"<p><b>Th\u00f4ng tin chung: <\/b>l\u00e0 thi\u1ebft b\u1ecb ch\u00ednh cho kho ch\u1ee9a d\u1ea7u,\u00a0s\u1eed d\u1ee5ng l\u00e0m b\u00ecnh nhi\u00ean li\u1ec7u diesel, b\u1ed3n ch\u1ee9a nhi\u00ean li\u1ec7u, b\u1ed3n ch\u1ee9a d\u1ea7u, b\u1ec3 ch\u1ee9a d\u1ea7u r\u1eddi \u0111\u1ec3 l\u01b0u tr\u1eef v\u00e0 v\u1eadn chuy\u1ec3n x\u0103ng d\u1ea7u ho\u1eb7c c\u00e1c ch\u1ea5t l\u1ecfng kh\u00e1c gi\u1eef d\u1ea7u \u0111\u01b0\u1ee3c b\u1ea3o qu\u1ea3n trong \u0111i\u1ec1u ki\u1ec7n \u1ed5n \u0111\u1ecbnh.<br \/>\n<strong>Dung t\u00edch:<\/strong> 3m<sup>3<\/sup>-1000m<sup>3<\/sup><\/p>\n<p><strong>V\u1eadt li\u1ec7u:<\/strong> Inox 304, 316, 201<\/p>\n<p><strong>Lo\u1ea1i b\u1ed3n ch\u1ee9a:<\/strong> Ngang, \u0111\u1ee9ng, ng\u1ea7m, b\u00e1n ng\u1ea7m, n\u1ed5i, tr\u1ee5, h\u1ed9p vu\u00f4ng v\u00e0 h\u00ecnh c\u1ea7u<\/p>\n<p><strong>Nhi\u1ec7t \u0111\u1ed9 l\u00e0m vi\u1ec7c:<\/strong> PP-10 \u2103\uff5e120 \u2103, PVC40 \u2103\uff5e60 \u2103.<\/p>\n<p><strong>\u00c1p su\u1ea5t:<\/strong> \u00c1p su\u1ea5t kh\u00ed quy\u1ec3n<\/p>\n<p><strong>Ti\u00eau chu\u1ea9n:<\/strong> QCVN 01:2020\/BCT, TCVN 2622:1995<\/p>\n<p><strong>HOT LINE T\u01af V\u1ea4N \u0110\u1eb6T H\u00c0NG : 0912.055.023<\/strong><\/p>\n","protected":false},"featured_media":788,"template":"","meta":{"neve_meta_sidebar":"","neve_meta_container":"","neve_meta_enable_content_width":"off","neve_meta_content_width":100,"neve_meta_title_alignment":"","neve_meta_author_avatar":"","neve_post_elements_order":"","neve_meta_disable_header":"","neve_meta_disable_footer":"","neve_meta_disable_title":""},"product_brand":[],"product_cat":[38],"product_tag":[],"class_list":{"0":"post-837","1":"product","2":"type-product","3":"status-publish","4":"has-post-thumbnail","6":"product_cat-bonbecongnghiep","8":"first","9":"instock","10":"taxable","11":"shipping-taxable","12":"purchasable","13":"product-type-simple"},"_links":{"self":[{"href":"https:\/\/bonbexangdaumienbac.com\/index.php?rest_route=\/wp\/v2\/product\/837","targetHints":{"allow":["GET"]}}],"collection":[{"href":"https:\/\/bonbexangdaumienbac.com\/index.php?rest_route=\/wp\/v2\/product"}],"about":[{"href":"https:\/\/bonbexangdaumienbac.com\/index.php?rest_route=\/wp\/v2\/types\/product"}],"version-history":[{"count":2,"href":"https:\/\/bonbexangdaumienbac.com\/index.php?rest_route=\/wp\/v2\/product\/837\/revisions"}],"predecessor-version":[{"id":28239,"href":"https:\/\/bonbexangdaumienbac.com\/index.php?rest_route=\/wp\/v2\/product\/837\/revisions\/28239"}],"wp:featuredmedia":[{"embeddable":true,"href":"https:\/\/bonbexangdaumienbac.com\/index.php?rest_route=\/wp\/v2\/media\/788"}],"wp:attachment":[{"href":"https:\/\/bonbexangdaumienbac.com\/index.php?rest_route=%2Fwp%2Fv2%2Fmedia&parent=837"}],"wp:term":[{"taxonomy":"product_brand","embeddable":true,"href":"https:\/\/bonbexangdaumienbac.com\/index.php?rest_route=%2Fwp%2Fv2%2Fproduct_brand&post=837"},{"taxonomy":"product_cat","embeddable":true,"href":"https:\/\/bonbexangdaumienbac.com\/index.php?rest_route=%2Fwp%2Fv2%2Fproduct_cat&post=837"},{"taxonomy":"product_tag","embeddable":true,"href":"https:\/\/bonbexangdaumienbac.com\/index.php?rest_route=%2Fwp%2Fv2%2Fproduct_tag&post=837"}],"curies":[{"name":"wp","href":"https:\/\/api.w.org\/{rel}","templated":true}]}}